{"id":137,"date":"2018-05-25T10:29:11","date_gmt":"2018-05-25T08:29:11","guid":{"rendered":"http:\/\/www.praxis-volker-goeller.de\/?page_id=137"},"modified":"2018-05-26T21:28:18","modified_gmt":"2018-05-26T19:28:18","slug":"datenschutz","status":"publish","type":"page","link":"http:\/\/www.praxis-volker-goeller.de\/index.php\/datenschutz\/","title":{"rendered":"Datenschutz"},"content":{"rendered":"<h2>Datenschutzerkl\u00e4rung<br \/>\nbei Erhebung von personenbezogene Daten bei der betroffenen Person gem\u00e4\u00df Art. 13 DSGVO<\/h2>\n<h3>Hinweis:<\/h3>\n<p>Gem\u00e4\u00df Art. 13 GDSVO muss bei Nutzung einer praxiseigenen Internetseite eine Information \u00fcber den Datenschutz erfolgen. Dies erfolgt regelm\u00e4\u00dfig im Impressum der jeweiligen Internetseite.<br \/>\nNachfolgend ein Formulierungsvorschlag, der sich als Checkliste f\u00fcr eine individuell anzupassende Information versteht.<br \/>\nF\u00fcr die Verwendung oder Nutzung der Musterformulierungen haftet die jeweilige Verwenderin bzw. der jeweilige Verwender. Im Text der Musterklauseln wird im Interesse leichterer Lesbarkeit auf die weibliche Form verzichtet.<br \/>\nBitte beachten Sie, dass bei Verwendung von bestimmten Webdiensten (z.B. Like-Button Facebook, Google Analytics, Flash-Player) weiterergehende Informationspflichten bestehen. Viele der Webdienste stellen Ihnen auf ihren Internetseiten Formulierungsvorschl\u00e4ge zur Erg\u00e4nzung Ihrer Datenschutzinformation zur Verf\u00fcgung.<br \/>\nDie nachfolgende Information beruht unter anderem auf Formulierungsvorschl\u00e4gen des Musters \u201eDatenschutzerkl\u00e4rung f\u00fcr Websites\u201c aus dem Formularhandbuch Datenschutzrecht, Koreng\/Lachenmann, C.H. Beck Verlag, 2. Auflage, 2018.<br \/>\nDatenschutzerkl\u00e4rung<\/p>\n<p>Nachfolgend erhalten Sie Informationen \u00fcber die Erhebung personenbezogener Daten bei Nutzung unserer Internetseite. Zu den personenbezogene Daten geh\u00f6ren alle Daten, die auf Sie pers\u00f6nlich beziehbar sind (z.B. Name, Adresse, E-Mail-Adressen, Nutzerverhalten, IP- Adresse).<\/p>\n<h3>1. Wer ist in unserer Praxis f\u00fcr den Datenschutz verantwortlich?<\/h3>\n<p>In unserer Praxis ist f\u00fcr den Datenschutz verantwortlich und steht Ihnen bei Fragen zur Verf\u00fcgung:<br \/>\nPraxisinhaber: Volker Goeller<br \/>\nPraxisadresse: Kaiser-Friedrich-Ring 70 |\u00a0 65185 Wiesbaden<br \/>\nTelefon: 0611 371118<br \/>\nE-Mail: info@goeller-praxis.de<\/p>\n<h3>2. Welche personenbezogenen Daten erheben wir?<\/h3>\n<p>Wir erheben, speichern, nutzen, \u00fcbermitteln oder l\u00f6schen folgende personenbezogene Daten:<\/p>\n<p style=\"padding-left: 30px;\">\u2022 Interessenten unserer Internetseite und Patienten unserer Praxis, die nat\u00fcrliche Personen sind<br \/>\n\u2022 Allen anderen nat\u00fcrlichen Personen, die in Kontakt mit unserer Praxis stehen (z.B. Bevollm\u00e4chtigte von Patienten, Erziehungsberechtigte von Patienten, Mitarbeiter juristischer Personen, Besucher unserer Internetseite)<br \/>\nPersonenbezogenen Daten von Ihnen werden von uns erhoben, wenn Sie mit uns z.B. per E-Mail oder Telefon in Kontakt treten und einen Behandlungstermin ausmachen wollen.<\/p>\n<p>Folgende pers\u00f6nliche Daten verarbeiten wir:<\/p>\n<p style=\"padding-left: 30px;\">\u2022 Pers\u00f6nliche Angaben (z.B. Vor- und Nachnamen, Adresse, Geburtsdatum und -ort, E-Mail-Adresse, Telefonnummer, Versicherungsstatus); Daten zu Ihrem Online-Verhalten und -Pr\u00e4ferenzen (z.B. IP-Adressen, eindeutige Zuordnungsmerkmale mobiler Endger\u00e4te, Daten zu Ihren Besuchen auf unserer Internetseite, Endger\u00e4te, mit denen Sie unsere Internetseite besucht haben)<br \/>\nAngaben zu Kindern erheben wir nur dann, wenn diese durch die Erziehungsberechtigten in unserer Praxis als Patient vorgestellt werden.<\/p>\n<h3>3. Wer erh\u00e4lt ggf. Ihre personenbezogenen Daten \u00fcbermittelt?<\/h3>\n<p>Falls einzelne Funktionen unserer Internetseite auf beauftragte Dienstleister zur\u00fcckgreifen, informieren wir Sie in Ziffer 5 dieser Datenschutzerkl\u00e4rung im Detail \u00fcber die jeweiligen Vorg\u00e4nge. Dabei nennen wir auch die festgelegten Kriterien der Speicherdauer.<\/p>\n<h3>4. Welchem Zweck dienen Ihre Daten und mit welcher Rechtfertigung d\u00fcrfen wir diese nutzen?<\/h3>\n<p>Wenn Sie unsere Internetseite ausschlie\u00dflich dazu nutzen, sich \u00fcber unsere Praxis zu informieren, erheben wir nur die personenbezogenen Daten, die Ihr Browser an unseren Server \u00fcbermittelt. Wenn Sie unsere Website betrachten m\u00f6chten, erheben wir die folgenden Daten, die f\u00fcr uns technisch erforderlich sind, um Ihnen unsere Website anzuzeigen und die Stabilit\u00e4t und Sicherheit zu gew\u00e4hrleisten (Rechtsgrundlage ist Art. 6 Abs. 1 S. 1 lit. f DSGVO):<\/p>\n<p style=\"padding-left: 30px;\">\u2022 IP-Adresse<br \/>\n\u2022 Datum und Uhrzeit der Anfrage<br \/>\n\u2022 Zeitzonendifferenz zur Greenwich Mean Time (GMT)<br \/>\n\u2022 Inhalt der Anforderung (konkrete Seite)<br \/>\n\u2022 Zugriffsstatus\/HTTP-Statuscode<br \/>\n\u2022 jeweils \u00fcbertragene Datenmenge<br \/>\n\u2022 Website, von der die Anforderung kommt<br \/>\n\u2022 Browser<br \/>\n\u2022 Betriebssystem und dessen Oberfl\u00e4che<br \/>\n\u2022 Sprache und Version der Browsersoftware.<\/p>\n<p>&nbsp;<\/p>\n<p>Zus\u00e4tzlich zu diesen Daten werden bei Ihrer Nutzung unserer Internetseite auch Cookies auf Ihrem Rechner gespeichert. Bei Cookies handelt es sich um kleine Textdateien, die auf Ihrer Festplatte dem von Ihnen verwendeten Browser zugeordnet gespeichert werden und durch welche der Stelle, die den Cookie setzt (hier durch uns), bestimmte Informationen zuflie\u00dfen. Cookies k\u00f6nnen keine Programme ausf\u00fchren oder Viren auf Ihren Computer \u00fcbertragen. Sie dienen dazu, das Internetangebot insgesamt nutzerfreundlicher und effektiver zu machen.<\/p>\n<h3>Einsatz von Cookies:<\/h3>\n<p style=\"padding-left: 30px;\">a) Diese Website nutzt folgende Arten von Cookies, deren Umfang und Funktionsweise im Folgenden erl\u00e4utert werden:<\/p>\n<p style=\"padding-left: 60px;\">\u2022 Transiente Cookies (dazu b)<br \/>\n\u2022 Persistente Cookies (dazu c).<\/p>\n<p style=\"padding-left: 30px;\">b) Transiente Cookies werden automatisiert gel\u00f6scht, wenn Sie den Browser schlie\u00dfen. Dazu z\u00e4hlen insbesondere die Session-Cookies. Diese speichern eine sogenannte Session-ID, mit welcher sich verschiedene Anfragen Ihres Browsers der gemeinsamen Sitzung zuordnen lassen. Dadurch kann Ihr Rechner wiedererkannt werden, wenn Sie auf unsere Website zur\u00fcckkehren. Die Session-Cookies werden gel\u00f6scht, wenn Sie sich ausloggen oder den Browser schlie\u00dfen.<\/p>\n<p style=\"padding-left: 30px;\">c) Persistente Cookies werden automatisiert nach einer vorgegebenen Dauer gel\u00f6scht, die sich je nach Cookie unterscheiden kann. Sie k\u00f6nnen die Cookies in den Sicherheitseinstellungen Ihres Browsers jederzeit l\u00f6schen.<\/p>\n<p style=\"padding-left: 30px;\">d) Sie k\u00f6nnen Ihre Browser-Einstellung entsprechend Ihren W\u00fcnschen konfigurieren und z. B. die Annahme von Third-Party-Cookies oder allen Cookies ablehnen. Wir weisen Sie darauf hin, dass Sie eventuell nicht alle Funktionen dieser Website nutzen k\u00f6nnen.<br \/>\nWollen Sie per E-Mail oder \u00fcber unser Kontaktformular einen Behandlungstermin vereinbaren oder eine Frage an uns richten, werden die von Ihnen mitgeteilten Daten (Ihre E-Mail-Adresse, ggf. Ihr Name und Ihre Telefonnummer) von uns gespeichert, um Ihnen einen Behandlungstermin zuweisen oder die Anfrage beantworten zu k\u00f6nnen. Die in diesem Zusammenhang anfallenden Daten l\u00f6schen wir, nachdem die Speicherung nicht mehr erforderlich ist, oder schr\u00e4nken die Verarbeitung ein, falls gesetzliche Aufbewahrungspflichten bestehen (Rechtsgrundlage ist Art. 6 Abs. 1 S. 1 lit. b DSGVO).<\/p>\n<h3>5. Welche Rechte haben Sie im Zusammenhang mit dem Datenschutz?<\/h3>\n<p>Sie haben gegen\u00fcber uns folgende Rechte hinsichtlich der Sie betreffenden personenbezo\u00acgenen Daten:<\/p>\n<p style=\"padding-left: 30px;\">\u2022 Recht auf Auskunft,<br \/>\n\u2022 Recht auf Berichtigung oder L\u00f6schung,<br \/>\n\u2022 Recht auf Einschr\u00e4nkung der Verarbeitung,<br \/>\n\u2022 Recht auf Widerspruch gegen die Verarbeitung,<\/p>\n<h3>6. Wie k\u00f6nnen Sie sich ggf. beschweren?<\/h3>\n<p>Sie haben die M\u00f6glichkeit, sich mit einer Beschwerde im Zusammenhang mit der Datenverarbeitung an die f\u00fcr uns zust\u00e4ndige Datenschutzaufsicht zu wenden:<br \/>\nHessischen Datenschutzbeauftragter<br \/>\nProf. Dr. Michael Ronellenfitsch<br \/>\nPostfach 31 63<br \/>\n65021 Wiesbaden<\/p>\n","protected":false},"excerpt":{"rendered":"<p>Datenschutzerkl\u00e4rung bei Erhebung von personenbezogene Daten bei der betroffenen Person gem\u00e4\u00df Art. 13 DSGVO Hinweis: Gem\u00e4\u00df Art. 13 GDSVO muss bei Nutzung einer praxiseigenen Internetseite eine Information \u00fcber den Datenschutz erfolgen. Dies erfolgt regelm\u00e4\u00dfig im Impressum der jeweiligen Internetseite. Nachfolgend&#8230;<\/p>\n","protected":false},"author":1,"featured_media":0,"parent":0,"menu_order":0,"comment_status":"closed","ping_status":"closed","template":"","meta":{"footnotes":""},"class_list":["post-137","page","type-page","status-publish","hentry"],"_links":{"self":[{"href":"http:\/\/www.praxis-volker-goeller.de\/index.php\/wp-json\/wp\/v2\/pages\/137","targetHints":{"allow":["GET"]}}],"collection":[{"href":"http:\/\/www.praxis-volker-goeller.de\/index.php\/wp-json\/wp\/v2\/pages"}],"about":[{"href":"http:\/\/www.praxis-volker-goeller.de\/index.php\/wp-json\/wp\/v2\/types\/page"}],"author":[{"embeddable":true,"href":"http:\/\/www.praxis-volker-goeller.de\/index.php\/wp-json\/wp\/v2\/users\/1"}],"replies":[{"embeddable":true,"href":"http:\/\/www.praxis-volker-goeller.de\/index.php\/wp-json\/wp\/v2\/comments?post=137"}],"version-history":[{"count":2,"href":"http:\/\/www.praxis-volker-goeller.de\/index.php\/wp-json\/wp\/v2\/pages\/137\/revisions"}],"predecessor-version":[{"id":142,"href":"http:\/\/www.praxis-volker-goeller.de\/index.php\/wp-json\/wp\/v2\/pages\/137\/revisions\/142"}],"wp:attachment":[{"href":"http:\/\/www.praxis-volker-goeller.de\/index.php\/wp-json\/wp\/v2\/media?parent=137"}],"curies":[{"name":"wp","href":"https:\/\/api.w.org\/{rel}","templated":true}]}}